{"id":8,"date":"2020-09-28T05:43:52","date_gmt":"2020-09-28T05:43:52","guid":{"rendered":"http:\/\/setducoeur.ch\/?page_id=8"},"modified":"2023-04-25T11:44:59","modified_gmt":"2023-04-25T11:44:59","slug":"https-setducoeur-ch-page_id8","status":"publish","type":"page","link":"https:\/\/setducoeur.ch\/?page_id=8","title":{"rendered":"Ev\u00e9nements"},"content":{"rendered":"\n<p><strong>E comme Ev\u00e9nements<\/strong>\u00a0: Soutien \u00e0 tout \u00e9v\u00e9nement dans la r\u00e9gion (montage, d\u00e9montage, entretien, cuisine\u2026). Comme Carnaval, RIV, Festival Art de Rue, Fondation Musique Sacr\u00e9e, Festival de musique, R\u00e9veillon autour du Monde\u2026<\/p>\n\n\n\n<div class=\"wp-block-group\"><div class=\"wp-block-group__inner-container is-layout-constrained wp-block-group-is-layout-constrained\">\n<div class=\"wp-block-group\"><div class=\"wp-block-group__inner-container is-layout-constrained wp-block-group-is-layout-constrained\">\n<blockquote class=\"wp-block-quote is-layout-flow wp-block-quote-is-layout-flow\">\n<p class=\"has-text-align-center\"><strong>Germes de P\u00e2ques!<\/strong><\/p>\n<\/blockquote>\n\n\n\n<figure class=\"wp-block-gallery has-nested-images columns-default is-cropped wp-block-gallery-1 is-layout-flex wp-block-gallery-is-layout-flex\">\n<figure class=\"wp-block-image size-large\"><img loading=\"lazy\" decoding=\"async\" width=\"1024\" height=\"768\" data-id=\"291\" src=\"http:\/\/setducoeur.ch\/wp-content\/uploads\/2023\/04\/000b17a6-ef73-42e2-923a-d711db2d1444-2-1024x768.jpg\" alt=\"\" class=\"wp-image-291\" srcset=\"https:\/\/setducoeur.ch\/wp-content\/uploads\/2023\/04\/000b17a6-ef73-42e2-923a-d711db2d1444-2-1024x768.jpg 1024w, https:\/\/setducoeur.ch\/wp-content\/uploads\/2023\/04\/000b17a6-ef73-42e2-923a-d711db2d1444-2-300x225.jpg 300w, https:\/\/setducoeur.ch\/wp-content\/uploads\/2023\/04\/000b17a6-ef73-42e2-923a-d711db2d1444-2-768x576.jpg 768w, https:\/\/setducoeur.ch\/wp-content\/uploads\/2023\/04\/000b17a6-ef73-42e2-923a-d711db2d1444-2-1536x1152.jpg 1536w, https:\/\/setducoeur.ch\/wp-content\/uploads\/2023\/04\/000b17a6-ef73-42e2-923a-d711db2d1444-2.jpg 2048w\" sizes=\"auto, (max-width: 1024px) 100vw, 1024px\" \/><\/figure>\n\n\n\n<figure class=\"wp-block-image size-large\"><img loading=\"lazy\" decoding=\"async\" width=\"1024\" height=\"768\" data-id=\"290\" src=\"http:\/\/setducoeur.ch\/wp-content\/uploads\/2023\/04\/2164ac88-5569-499c-b0b7-c48d0a53ac60-1-1024x768.jpg\" alt=\"\" class=\"wp-image-290\" srcset=\"https:\/\/setducoeur.ch\/wp-content\/uploads\/2023\/04\/2164ac88-5569-499c-b0b7-c48d0a53ac60-1-1024x768.jpg 1024w, https:\/\/setducoeur.ch\/wp-content\/uploads\/2023\/04\/2164ac88-5569-499c-b0b7-c48d0a53ac60-1-300x225.jpg 300w, https:\/\/setducoeur.ch\/wp-content\/uploads\/2023\/04\/2164ac88-5569-499c-b0b7-c48d0a53ac60-1-768x576.jpg 768w, https:\/\/setducoeur.ch\/wp-content\/uploads\/2023\/04\/2164ac88-5569-499c-b0b7-c48d0a53ac60-1-1536x1152.jpg 1536w, https:\/\/setducoeur.ch\/wp-content\/uploads\/2023\/04\/2164ac88-5569-499c-b0b7-c48d0a53ac60-1.jpg 2048w\" sizes=\"auto, (max-width: 1024px) 100vw, 1024px\" \/><\/figure>\n\n\n\n<figure class=\"wp-block-image size-large\"><img loading=\"lazy\" decoding=\"async\" width=\"658\" height=\"1024\" data-id=\"294\" src=\"http:\/\/setducoeur.ch\/wp-content\/uploads\/2023\/04\/5181f8ac-3d6a-4c8e-8098-87f592a6d620-658x1024.jpg\" alt=\"\" class=\"wp-image-294\" srcset=\"https:\/\/setducoeur.ch\/wp-content\/uploads\/2023\/04\/5181f8ac-3d6a-4c8e-8098-87f592a6d620-658x1024.jpg 658w, https:\/\/setducoeur.ch\/wp-content\/uploads\/2023\/04\/5181f8ac-3d6a-4c8e-8098-87f592a6d620-193x300.jpg 193w, https:\/\/setducoeur.ch\/wp-content\/uploads\/2023\/04\/5181f8ac-3d6a-4c8e-8098-87f592a6d620-768x1195.jpg 768w, https:\/\/setducoeur.ch\/wp-content\/uploads\/2023\/04\/5181f8ac-3d6a-4c8e-8098-87f592a6d620-987x1536.jpg 987w, https:\/\/setducoeur.ch\/wp-content\/uploads\/2023\/04\/5181f8ac-3d6a-4c8e-8098-87f592a6d620.jpg 1316w\" sizes=\"auto, (max-width: 658px) 100vw, 658px\" \/><\/figure>\n\n\n\n<figure class=\"wp-block-image size-large\"><img loading=\"lazy\" decoding=\"async\" width=\"1024\" height=\"859\" data-id=\"289\" src=\"http:\/\/setducoeur.ch\/wp-content\/uploads\/2023\/04\/325422c6-a892-4d6a-bc60-1bbccc443cfb-1024x859.jpg\" alt=\"\" class=\"wp-image-289\" srcset=\"https:\/\/setducoeur.ch\/wp-content\/uploads\/2023\/04\/325422c6-a892-4d6a-bc60-1bbccc443cfb-1024x859.jpg 1024w, https:\/\/setducoeur.ch\/wp-content\/uploads\/2023\/04\/325422c6-a892-4d6a-bc60-1bbccc443cfb-300x252.jpg 300w, https:\/\/setducoeur.ch\/wp-content\/uploads\/2023\/04\/325422c6-a892-4d6a-bc60-1bbccc443cfb-768x645.jpg 768w, https:\/\/setducoeur.ch\/wp-content\/uploads\/2023\/04\/325422c6-a892-4d6a-bc60-1bbccc443cfb-1536x1289.jpg 1536w, https:\/\/setducoeur.ch\/wp-content\/uploads\/2023\/04\/325422c6-a892-4d6a-bc60-1bbccc443cfb.jpg 1643w\" sizes=\"auto, (max-width: 1024px) 100vw, 1024px\" \/><\/figure>\n\n\n\n<figure class=\"wp-block-image size-large\"><img loading=\"lazy\" decoding=\"async\" width=\"768\" height=\"1024\" data-id=\"293\" src=\"http:\/\/setducoeur.ch\/wp-content\/uploads\/2023\/04\/7f2cee32-be44-428d-b287-d5a107e83afb-1-768x1024.jpg\" alt=\"\" class=\"wp-image-293\" srcset=\"https:\/\/setducoeur.ch\/wp-content\/uploads\/2023\/04\/7f2cee32-be44-428d-b287-d5a107e83afb-1-768x1024.jpg 768w, https:\/\/setducoeur.ch\/wp-content\/uploads\/2023\/04\/7f2cee32-be44-428d-b287-d5a107e83afb-1-225x300.jpg 225w, https:\/\/setducoeur.ch\/wp-content\/uploads\/2023\/04\/7f2cee32-be44-428d-b287-d5a107e83afb-1-1152x1536.jpg 1152w, https:\/\/setducoeur.ch\/wp-content\/uploads\/2023\/04\/7f2cee32-be44-428d-b287-d5a107e83afb-1.jpg 1536w\" sizes=\"auto, (max-width: 768px) 100vw, 768px\" \/><\/figure>\n\n\n\n<figure class=\"wp-block-image size-large\"><img loading=\"lazy\" decoding=\"async\" width=\"1024\" height=\"768\" data-id=\"292\" src=\"http:\/\/setducoeur.ch\/wp-content\/uploads\/2023\/04\/52f10848-8c74-426b-84c9-bb848fe7790d-1024x768.jpg\" alt=\"\" class=\"wp-image-292\" srcset=\"https:\/\/setducoeur.ch\/wp-content\/uploads\/2023\/04\/52f10848-8c74-426b-84c9-bb848fe7790d-1024x768.jpg 1024w, https:\/\/setducoeur.ch\/wp-content\/uploads\/2023\/04\/52f10848-8c74-426b-84c9-bb848fe7790d-300x225.jpg 300w, https:\/\/setducoeur.ch\/wp-content\/uploads\/2023\/04\/52f10848-8c74-426b-84c9-bb848fe7790d-768x576.jpg 768w, https:\/\/setducoeur.ch\/wp-content\/uploads\/2023\/04\/52f10848-8c74-426b-84c9-bb848fe7790d-1536x1152.jpg 1536w, https:\/\/setducoeur.ch\/wp-content\/uploads\/2023\/04\/52f10848-8c74-426b-84c9-bb848fe7790d.jpg 2048w\" sizes=\"auto, (max-width: 1024px) 100vw, 1024px\" \/><\/figure>\n<\/figure>\n<\/div><\/div>\n<\/div><\/div>\n\n\n\n<figure class=\"wp-block-image size-large\"><img loading=\"lazy\" decoding=\"async\" width=\"719\" height=\"1024\" src=\"http:\/\/setducoeur.ch\/wp-content\/uploads\/2022\/10\/Flute-enchantee-1-719x1024.jpg\" alt=\"\" class=\"wp-image-257\" srcset=\"https:\/\/setducoeur.ch\/wp-content\/uploads\/2022\/10\/Flute-enchantee-1-719x1024.jpg 719w, https:\/\/setducoeur.ch\/wp-content\/uploads\/2022\/10\/Flute-enchantee-1-211x300.jpg 211w, https:\/\/setducoeur.ch\/wp-content\/uploads\/2022\/10\/Flute-enchantee-1-768x1094.jpg 768w, https:\/\/setducoeur.ch\/wp-content\/uploads\/2022\/10\/Flute-enchantee-1-1078x1536.jpg 1078w, https:\/\/setducoeur.ch\/wp-content\/uploads\/2022\/10\/Flute-enchantee-1-1438x2048.jpg 1438w, https:\/\/setducoeur.ch\/wp-content\/uploads\/2022\/10\/Flute-enchantee-1-scaled.jpg 1797w\" sizes=\"auto, (max-width: 719px) 100vw, 719px\" \/><\/figure>\n\n\n\n<p class=\"has-text-align-center\"><strong>Nous y avons particip\u00e9 activement! Une belle exp\u00e9rience, une belle collaboration!<\/strong><\/p>\n\n\n\n<p><\/p>\n\n\n\n<p class=\"has-text-align-center\"><strong>Festival de Sion <\/strong><\/p>\n\n\n\n<div class=\"wp-block-columns is-layout-flex wp-container-core-columns-is-layout-9d6595d7 wp-block-columns-is-layout-flex\">\n<div class=\"wp-block-column is-layout-flow wp-block-column-is-layout-flow\" style=\"flex-basis:100%\">\n<figure class=\"wp-block-gallery has-nested-images columns-default is-cropped wp-block-gallery-2 is-layout-flex wp-block-gallery-is-layout-flex\">\n<figure class=\"wp-block-image size-large\"><img loading=\"lazy\" decoding=\"async\" width=\"768\" height=\"1024\" data-id=\"268\" src=\"http:\/\/setducoeur.ch\/wp-content\/uploads\/2022\/12\/45aa8e60-df69-40fe-82c5-d58bf193b4e7-768x1024.jpg\" alt=\"\" class=\"wp-image-268\" srcset=\"https:\/\/setducoeur.ch\/wp-content\/uploads\/2022\/12\/45aa8e60-df69-40fe-82c5-d58bf193b4e7-768x1024.jpg 768w, https:\/\/setducoeur.ch\/wp-content\/uploads\/2022\/12\/45aa8e60-df69-40fe-82c5-d58bf193b4e7-225x300.jpg 225w, https:\/\/setducoeur.ch\/wp-content\/uploads\/2022\/12\/45aa8e60-df69-40fe-82c5-d58bf193b4e7-1152x1536.jpg 1152w, https:\/\/setducoeur.ch\/wp-content\/uploads\/2022\/12\/45aa8e60-df69-40fe-82c5-d58bf193b4e7.jpg 1200w\" sizes=\"auto, (max-width: 768px) 100vw, 768px\" \/><figcaption class=\"wp-element-caption\">Montage et d\u00e9montage Pour festival de Sion <\/figcaption><\/figure>\n<\/figure>\n<\/div>\n<\/div>\n\n\n\n<figure class=\"wp-block-image size-large\"><img loading=\"lazy\" decoding=\"async\" width=\"768\" height=\"1024\" src=\"http:\/\/setducoeur.ch\/wp-content\/uploads\/2022\/12\/976d5a76-ea38-4c3a-b263-67121f6503f9-768x1024.jpg\" alt=\"\" class=\"wp-image-270\" srcset=\"https:\/\/setducoeur.ch\/wp-content\/uploads\/2022\/12\/976d5a76-ea38-4c3a-b263-67121f6503f9-768x1024.jpg 768w, https:\/\/setducoeur.ch\/wp-content\/uploads\/2022\/12\/976d5a76-ea38-4c3a-b263-67121f6503f9-225x300.jpg 225w, https:\/\/setducoeur.ch\/wp-content\/uploads\/2022\/12\/976d5a76-ea38-4c3a-b263-67121f6503f9-1152x1536.jpg 1152w, https:\/\/setducoeur.ch\/wp-content\/uploads\/2022\/12\/976d5a76-ea38-4c3a-b263-67121f6503f9.jpg 1200w\" sizes=\"auto, (max-width: 768px) 100vw, 768px\" \/><\/figure>\n\n\n\n<figure class=\"wp-block-image size-large\"><img loading=\"lazy\" decoding=\"async\" width=\"768\" height=\"1024\" src=\"http:\/\/setducoeur.ch\/wp-content\/uploads\/2022\/12\/8963f8c4-df47-43a6-98b8-c093222663d0-768x1024.jpg\" alt=\"\" class=\"wp-image-271\" srcset=\"https:\/\/setducoeur.ch\/wp-content\/uploads\/2022\/12\/8963f8c4-df47-43a6-98b8-c093222663d0-768x1024.jpg 768w, https:\/\/setducoeur.ch\/wp-content\/uploads\/2022\/12\/8963f8c4-df47-43a6-98b8-c093222663d0-225x300.jpg 225w, https:\/\/setducoeur.ch\/wp-content\/uploads\/2022\/12\/8963f8c4-df47-43a6-98b8-c093222663d0-1152x1536.jpg 1152w, https:\/\/setducoeur.ch\/wp-content\/uploads\/2022\/12\/8963f8c4-df47-43a6-98b8-c093222663d0.jpg 1200w\" sizes=\"auto, (max-width: 768px) 100vw, 768px\" \/><\/figure>\n\n\n\n<figure class=\"wp-block-image size-large\"><img loading=\"lazy\" decoding=\"async\" width=\"768\" height=\"1024\" src=\"http:\/\/setducoeur.ch\/wp-content\/uploads\/2022\/12\/a98468b8-5de1-4166-95be-a0ef29045533-768x1024.jpg\" alt=\"\" class=\"wp-image-272\" srcset=\"https:\/\/setducoeur.ch\/wp-content\/uploads\/2022\/12\/a98468b8-5de1-4166-95be-a0ef29045533-768x1024.jpg 768w, https:\/\/setducoeur.ch\/wp-content\/uploads\/2022\/12\/a98468b8-5de1-4166-95be-a0ef29045533-225x300.jpg 225w, https:\/\/setducoeur.ch\/wp-content\/uploads\/2022\/12\/a98468b8-5de1-4166-95be-a0ef29045533-1152x1536.jpg 1152w, https:\/\/setducoeur.ch\/wp-content\/uploads\/2022\/12\/a98468b8-5de1-4166-95be-a0ef29045533.jpg 1200w\" sizes=\"auto, (max-width: 768px) 100vw, 768px\" \/><\/figure>\n\n\n\n<figure class=\"wp-block-image size-full is-resized\"><img loading=\"lazy\" decoding=\"async\" src=\"http:\/\/setducoeur.ch\/wp-content\/uploads\/2022\/09\/image000000-19.jpg\" alt=\"\" class=\"wp-image-192\" width=\"632\" height=\"757\" srcset=\"https:\/\/setducoeur.ch\/wp-content\/uploads\/2022\/09\/image000000-19.jpg 479w, https:\/\/setducoeur.ch\/wp-content\/uploads\/2022\/09\/image000000-19-250x300.jpg 250w\" sizes=\"auto, (max-width: 632px) 100vw, 632px\" \/><figcaption class=\"wp-element-caption\"><strong>Sortie nocturne raquettes et fondue Thion 2000<\/strong><\/figcaption><\/figure>\n\n\n\n<figure class=\"wp-block-image size-full is-resized\"><img loading=\"lazy\" decoding=\"async\" src=\"http:\/\/setducoeur.ch\/wp-content\/uploads\/2022\/09\/image000000-18.jpg\" alt=\"\" class=\"wp-image-194\" width=\"634\" height=\"308\" srcset=\"https:\/\/setducoeur.ch\/wp-content\/uploads\/2022\/09\/image000000-18.jpg 640w, https:\/\/setducoeur.ch\/wp-content\/uploads\/2022\/09\/image000000-18-300x146.jpg 300w\" sizes=\"auto, (max-width: 634px) 100vw, 634px\" \/><\/figure>\n","protected":false},"excerpt":{"rendered":"<p>E comme Ev\u00e9nements\u00a0: Soutien \u00e0 tout \u00e9v\u00e9nement dans la r\u00e9gion (montage, d\u00e9montage, entretien, cuisine\u2026). Comme Carnaval, RIV, Festival Art de Rue, Fondation Musique Sacr\u00e9e, Festival de musique, R\u00e9veillon autour du Monde\u2026 Germes de P\u00e2ques! Nous y avons particip\u00e9 activement! Une belle exp\u00e9rience, une belle collaboration! Festival de Sion<\/p>\n","protected":false},"author":1,"featured_media":0,"parent":0,"menu_order":3,"comment_status":"closed","ping_status":"closed","template":"","meta":{"footnotes":""},"class_list":["post-8","page","type-page","status-publish","hentry"],"_links":{"self":[{"href":"https:\/\/setducoeur.ch\/index.php?rest_route=\/wp\/v2\/pages\/8","targetHints":{"allow":["GET"]}}],"collection":[{"href":"https:\/\/setducoeur.ch\/index.php?rest_route=\/wp\/v2\/pages"}],"about":[{"href":"https:\/\/setducoeur.ch\/index.php?rest_route=\/wp\/v2\/types\/page"}],"author":[{"embeddable":true,"href":"https:\/\/setducoeur.ch\/index.php?rest_route=\/wp\/v2\/users\/1"}],"replies":[{"embeddable":true,"href":"https:\/\/setducoeur.ch\/index.php?rest_route=%2Fwp%2Fv2%2Fcomments&post=8"}],"version-history":[{"count":14,"href":"https:\/\/setducoeur.ch\/index.php?rest_route=\/wp\/v2\/pages\/8\/revisions"}],"predecessor-version":[{"id":295,"href":"https:\/\/setducoeur.ch\/index.php?rest_route=\/wp\/v2\/pages\/8\/revisions\/295"}],"wp:attachment":[{"href":"https:\/\/setducoeur.ch\/index.php?rest_route=%2Fwp%2Fv2%2Fmedia&parent=8"}],"curies":[{"name":"wp","href":"https:\/\/api.w.org\/{rel}","templated":true}]}}