{"id":18,"date":"2020-09-28T05:44:40","date_gmt":"2020-09-28T05:44:40","guid":{"rendered":"http:\/\/setducoeur.ch\/?page_id=18"},"modified":"2024-12-01T13:41:06","modified_gmt":"2024-12-01T13:41:06","slug":"https-setducoeur-ch-page_id18","status":"publish","type":"page","link":"https:\/\/setducoeur.ch\/?page_id=18","title":{"rendered":"Galerie"},"content":{"rendered":"\n<p class=\"has-text-align-center\"><strong>Tous les vendredis, retrouvez nos produits sur le march\u00e9 de la Vieille Ville de Sion<\/strong>!<\/p>\n\n\n\n<figure class=\"wp-block-gallery has-nested-images columns-default is-cropped wp-block-gallery-1 is-layout-flex wp-block-gallery-is-layout-flex\">\n<figure class=\"wp-block-image size-large\"><img loading=\"lazy\" decoding=\"async\" width=\"669\" height=\"1024\" data-id=\"310\" src=\"http:\/\/setducoeur.ch\/wp-content\/uploads\/2023\/04\/IMG-5436-669x1024.jpg\" alt=\"\" class=\"wp-image-310\" srcset=\"https:\/\/setducoeur.ch\/wp-content\/uploads\/2023\/04\/IMG-5436-669x1024.jpg 669w, https:\/\/setducoeur.ch\/wp-content\/uploads\/2023\/04\/IMG-5436-196x300.jpg 196w, https:\/\/setducoeur.ch\/wp-content\/uploads\/2023\/04\/IMG-5436-768x1175.jpg 768w, https:\/\/setducoeur.ch\/wp-content\/uploads\/2023\/04\/IMG-5436-1004x1536.jpg 1004w, https:\/\/setducoeur.ch\/wp-content\/uploads\/2023\/04\/IMG-5436-1338x2048.jpg 1338w, https:\/\/setducoeur.ch\/wp-content\/uploads\/2023\/04\/IMG-5436-scaled.jpg 1673w\" sizes=\"auto, (max-width: 669px) 100vw, 669px\" \/><\/figure>\n\n\n\n<figure class=\"wp-block-image size-large\"><img loading=\"lazy\" decoding=\"async\" width=\"768\" height=\"1024\" data-id=\"311\" src=\"http:\/\/setducoeur.ch\/wp-content\/uploads\/2023\/04\/IMG-5437-768x1024.jpg\" alt=\"\" class=\"wp-image-311\" srcset=\"https:\/\/setducoeur.ch\/wp-content\/uploads\/2023\/04\/IMG-5437-768x1024.jpg 768w, https:\/\/setducoeur.ch\/wp-content\/uploads\/2023\/04\/IMG-5437-225x300.jpg 225w, https:\/\/setducoeur.ch\/wp-content\/uploads\/2023\/04\/IMG-5437-1152x1536.jpg 1152w, https:\/\/setducoeur.ch\/wp-content\/uploads\/2023\/04\/IMG-5437-1536x2048.jpg 1536w, https:\/\/setducoeur.ch\/wp-content\/uploads\/2023\/04\/IMG-5437-scaled.jpg 1920w\" sizes=\"auto, (max-width: 768px) 100vw, 768px\" \/><\/figure>\n\n\n\n<figure class=\"wp-block-image size-large\"><img loading=\"lazy\" decoding=\"async\" width=\"534\" height=\"1024\" data-id=\"312\" src=\"http:\/\/setducoeur.ch\/wp-content\/uploads\/2023\/04\/IMG-5438-534x1024.jpg\" alt=\"\" class=\"wp-image-312\" srcset=\"https:\/\/setducoeur.ch\/wp-content\/uploads\/2023\/04\/IMG-5438-534x1024.jpg 534w, https:\/\/setducoeur.ch\/wp-content\/uploads\/2023\/04\/IMG-5438-156x300.jpg 156w, https:\/\/setducoeur.ch\/wp-content\/uploads\/2023\/04\/IMG-5438-768x1474.jpg 768w, https:\/\/setducoeur.ch\/wp-content\/uploads\/2023\/04\/IMG-5438-800x1536.jpg 800w, https:\/\/setducoeur.ch\/wp-content\/uploads\/2023\/04\/IMG-5438-1067x2048.jpg 1067w, https:\/\/setducoeur.ch\/wp-content\/uploads\/2023\/04\/IMG-5438-scaled.jpg 1334w\" sizes=\"auto, (max-width: 534px) 100vw, 534px\" \/><\/figure>\n<\/figure>\n\n\n\n<div class=\"wp-block-group\"><div class=\"wp-block-group__inner-container is-layout-flow wp-block-group-is-layout-flow\">\n<div class=\"wp-block-columns is-layout-flex wp-container-core-columns-is-layout-9d6595d7 wp-block-columns-is-layout-flex\">\n<div class=\"wp-block-column is-layout-flow wp-block-column-is-layout-flow\" style=\"flex-basis:100%\">\n<figure class=\"wp-block-gallery has-nested-images columns-default is-cropped wp-block-gallery-2 is-layout-flex wp-block-gallery-is-layout-flex\">\n<figure class=\"wp-block-image size-large\"><img loading=\"lazy\" decoding=\"async\" width=\"768\" height=\"1024\" data-id=\"303\" src=\"http:\/\/setducoeur.ch\/wp-content\/uploads\/2023\/04\/IMG-5407-768x1024.jpg\" alt=\"\" class=\"wp-image-303\" srcset=\"https:\/\/setducoeur.ch\/wp-content\/uploads\/2023\/04\/IMG-5407-768x1024.jpg 768w, https:\/\/setducoeur.ch\/wp-content\/uploads\/2023\/04\/IMG-5407-225x300.jpg 225w, https:\/\/setducoeur.ch\/wp-content\/uploads\/2023\/04\/IMG-5407-1152x1536.jpg 1152w, https:\/\/setducoeur.ch\/wp-content\/uploads\/2023\/04\/IMG-5407-1536x2048.jpg 1536w, https:\/\/setducoeur.ch\/wp-content\/uploads\/2023\/04\/IMG-5407-scaled.jpg 1920w\" sizes=\"auto, (max-width: 768px) 100vw, 768px\" \/><\/figure>\n\n\n\n<figure class=\"wp-block-image size-large\"><img loading=\"lazy\" decoding=\"async\" width=\"768\" height=\"1024\" data-id=\"304\" src=\"http:\/\/setducoeur.ch\/wp-content\/uploads\/2023\/04\/IMG-5406-1-768x1024.jpg\" alt=\"\" class=\"wp-image-304\" srcset=\"https:\/\/setducoeur.ch\/wp-content\/uploads\/2023\/04\/IMG-5406-1-768x1024.jpg 768w, https:\/\/setducoeur.ch\/wp-content\/uploads\/2023\/04\/IMG-5406-1-225x300.jpg 225w, https:\/\/setducoeur.ch\/wp-content\/uploads\/2023\/04\/IMG-5406-1-1152x1536.jpg 1152w, https:\/\/setducoeur.ch\/wp-content\/uploads\/2023\/04\/IMG-5406-1-1536x2048.jpg 1536w, https:\/\/setducoeur.ch\/wp-content\/uploads\/2023\/04\/IMG-5406-1-scaled.jpg 1920w\" sizes=\"auto, (max-width: 768px) 100vw, 768px\" \/><\/figure>\n\n\n\n<figure class=\"wp-block-image size-large\"><img loading=\"lazy\" decoding=\"async\" width=\"768\" height=\"1024\" data-id=\"302\" src=\"http:\/\/setducoeur.ch\/wp-content\/uploads\/2023\/04\/IMG-5405-768x1024.jpg\" alt=\"\" class=\"wp-image-302\" srcset=\"https:\/\/setducoeur.ch\/wp-content\/uploads\/2023\/04\/IMG-5405-768x1024.jpg 768w, https:\/\/setducoeur.ch\/wp-content\/uploads\/2023\/04\/IMG-5405-225x300.jpg 225w, https:\/\/setducoeur.ch\/wp-content\/uploads\/2023\/04\/IMG-5405-1152x1536.jpg 1152w, https:\/\/setducoeur.ch\/wp-content\/uploads\/2023\/04\/IMG-5405-1536x2048.jpg 1536w, https:\/\/setducoeur.ch\/wp-content\/uploads\/2023\/04\/IMG-5405-scaled.jpg 1920w\" sizes=\"auto, (max-width: 768px) 100vw, 768px\" \/><\/figure>\n\n\n\n<figure class=\"wp-block-image size-large\"><img loading=\"lazy\" decoding=\"async\" width=\"1024\" height=\"740\" data-id=\"305\" src=\"http:\/\/setducoeur.ch\/wp-content\/uploads\/2023\/04\/IMG-5401-1024x740.jpg\" alt=\"\" class=\"wp-image-305\" srcset=\"https:\/\/setducoeur.ch\/wp-content\/uploads\/2023\/04\/IMG-5401-1024x740.jpg 1024w, https:\/\/setducoeur.ch\/wp-content\/uploads\/2023\/04\/IMG-5401-300x217.jpg 300w, https:\/\/setducoeur.ch\/wp-content\/uploads\/2023\/04\/IMG-5401-768x555.jpg 768w, https:\/\/setducoeur.ch\/wp-content\/uploads\/2023\/04\/IMG-5401-1536x1110.jpg 1536w, https:\/\/setducoeur.ch\/wp-content\/uploads\/2023\/04\/IMG-5401-2048x1480.jpg 2048w\" sizes=\"auto, (max-width: 1024px) 100vw, 1024px\" \/><\/figure>\n<\/figure>\n\n\n\n<div class=\"wp-block-columns is-layout-flex wp-container-core-columns-is-layout-9d6595d7 wp-block-columns-is-layout-flex\">\n<div class=\"wp-block-column is-layout-flow wp-block-column-is-layout-flow\">\n<figure class=\"wp-block-gallery has-nested-images columns-default is-cropped wp-block-gallery-3 is-layout-flex wp-block-gallery-is-layout-flex\">\n<figure class=\"wp-block-image size-large\"><img loading=\"lazy\" decoding=\"async\" width=\"1024\" height=\"576\" data-id=\"307\" src=\"http:\/\/setducoeur.ch\/wp-content\/uploads\/2023\/04\/004e0177-2972-46a4-b88b-ad84c8971e67-1-1024x576.jpg\" alt=\"\" class=\"wp-image-307\" srcset=\"https:\/\/setducoeur.ch\/wp-content\/uploads\/2023\/04\/004e0177-2972-46a4-b88b-ad84c8971e67-1-1024x576.jpg 1024w, https:\/\/setducoeur.ch\/wp-content\/uploads\/2023\/04\/004e0177-2972-46a4-b88b-ad84c8971e67-1-300x169.jpg 300w, https:\/\/setducoeur.ch\/wp-content\/uploads\/2023\/04\/004e0177-2972-46a4-b88b-ad84c8971e67-1-768x432.jpg 768w, https:\/\/setducoeur.ch\/wp-content\/uploads\/2023\/04\/004e0177-2972-46a4-b88b-ad84c8971e67-1-1536x864.jpg 1536w, https:\/\/setducoeur.ch\/wp-content\/uploads\/2023\/04\/004e0177-2972-46a4-b88b-ad84c8971e67-1.jpg 1599w\" sizes=\"auto, (max-width: 1024px) 100vw, 1024px\" \/><\/figure>\n\n\n\n<figure class=\"wp-block-image size-large\"><img loading=\"lazy\" decoding=\"async\" width=\"1024\" height=\"768\" data-id=\"308\" src=\"http:\/\/setducoeur.ch\/wp-content\/uploads\/2023\/04\/52f10848-8c74-426b-84c9-bb848fe7790d-1-1024x768.jpg\" alt=\"\" class=\"wp-image-308\" srcset=\"https:\/\/setducoeur.ch\/wp-content\/uploads\/2023\/04\/52f10848-8c74-426b-84c9-bb848fe7790d-1-1024x768.jpg 1024w, https:\/\/setducoeur.ch\/wp-content\/uploads\/2023\/04\/52f10848-8c74-426b-84c9-bb848fe7790d-1-300x225.jpg 300w, https:\/\/setducoeur.ch\/wp-content\/uploads\/2023\/04\/52f10848-8c74-426b-84c9-bb848fe7790d-1-768x576.jpg 768w, https:\/\/setducoeur.ch\/wp-content\/uploads\/2023\/04\/52f10848-8c74-426b-84c9-bb848fe7790d-1-1536x1152.jpg 1536w, https:\/\/setducoeur.ch\/wp-content\/uploads\/2023\/04\/52f10848-8c74-426b-84c9-bb848fe7790d-1.jpg 2048w\" sizes=\"auto, (max-width: 1024px) 100vw, 1024px\" \/><\/figure>\n\n\n\n<figure class=\"wp-block-image size-large\"><img loading=\"lazy\" decoding=\"async\" width=\"1024\" height=\"883\" data-id=\"309\" src=\"http:\/\/setducoeur.ch\/wp-content\/uploads\/2023\/04\/IMG-5403-1024x883.jpg\" alt=\"\" class=\"wp-image-309\" srcset=\"https:\/\/setducoeur.ch\/wp-content\/uploads\/2023\/04\/IMG-5403-1024x883.jpg 1024w, https:\/\/setducoeur.ch\/wp-content\/uploads\/2023\/04\/IMG-5403-300x259.jpg 300w, https:\/\/setducoeur.ch\/wp-content\/uploads\/2023\/04\/IMG-5403-768x662.jpg 768w, https:\/\/setducoeur.ch\/wp-content\/uploads\/2023\/04\/IMG-5403-1536x1324.jpg 1536w, https:\/\/setducoeur.ch\/wp-content\/uploads\/2023\/04\/IMG-5403-2048x1765.jpg 2048w\" sizes=\"auto, (max-width: 1024px) 100vw, 1024px\" \/><\/figure>\n<\/figure>\n<\/div>\n\n\n\n<div class=\"wp-block-column is-layout-flow wp-block-column-is-layout-flow\"><\/div>\n<\/div>\n<\/div>\n<\/div>\n<\/div><\/div>\n\n\n\n<figure class=\"wp-block-gallery has-nested-images columns-default is-cropped wp-block-gallery-4 is-layout-flex wp-block-gallery-is-layout-flex\">\n<figure class=\"wp-block-image size-large\"><img loading=\"lazy\" decoding=\"async\" width=\"768\" height=\"1024\" data-id=\"45\" src=\"http:\/\/setducoeur.ch\/wp-content\/uploads\/2020\/12\/IMG-20201206-WA0015.jpg\" alt=\"\" class=\"wp-image-45\" srcset=\"https:\/\/setducoeur.ch\/wp-content\/uploads\/2020\/12\/IMG-20201206-WA0015.jpg 768w, https:\/\/setducoeur.ch\/wp-content\/uploads\/2020\/12\/IMG-20201206-WA0015-225x300.jpg 225w\" sizes=\"auto, (max-width: 768px) 100vw, 768px\" \/><\/figure>\n\n\n\n<figure class=\"wp-block-image size-large\"><img loading=\"lazy\" decoding=\"async\" width=\"768\" height=\"1024\" data-id=\"47\" src=\"http:\/\/setducoeur.ch\/wp-content\/uploads\/2020\/12\/IMG-20201206-WA0029-1-768x1024.jpg\" alt=\"\" class=\"wp-image-47\" srcset=\"https:\/\/setducoeur.ch\/wp-content\/uploads\/2020\/12\/IMG-20201206-WA0029-1-768x1024.jpg 768w, https:\/\/setducoeur.ch\/wp-content\/uploads\/2020\/12\/IMG-20201206-WA0029-1-225x300.jpg 225w, https:\/\/setducoeur.ch\/wp-content\/uploads\/2020\/12\/IMG-20201206-WA0029-1-1152x1536.jpg 1152w, https:\/\/setducoeur.ch\/wp-content\/uploads\/2020\/12\/IMG-20201206-WA0029-1.jpg 1200w\" sizes=\"auto, (max-width: 768px) 100vw, 768px\" \/><\/figure>\n\n\n\n<figure class=\"wp-block-image size-large\"><img loading=\"lazy\" decoding=\"async\" width=\"750\" height=\"543\" data-id=\"48\" src=\"http:\/\/setducoeur.ch\/wp-content\/uploads\/2020\/12\/IMG-20201206-WA0030.jpg\" alt=\"\" class=\"wp-image-48\" srcset=\"https:\/\/setducoeur.ch\/wp-content\/uploads\/2020\/12\/IMG-20201206-WA0030.jpg 750w, https:\/\/setducoeur.ch\/wp-content\/uploads\/2020\/12\/IMG-20201206-WA0030-300x217.jpg 300w\" sizes=\"auto, (max-width: 750px) 100vw, 750px\" \/><\/figure>\n\n\n\n<figure class=\"wp-block-image size-large\"><img loading=\"lazy\" decoding=\"async\" width=\"1024\" height=\"829\" data-id=\"49\" src=\"http:\/\/setducoeur.ch\/wp-content\/uploads\/2020\/12\/IMG-20201203-WA0008-1024x829.jpg\" alt=\"\" class=\"wp-image-49\" srcset=\"https:\/\/setducoeur.ch\/wp-content\/uploads\/2020\/12\/IMG-20201203-WA0008-1024x829.jpg 1024w, https:\/\/setducoeur.ch\/wp-content\/uploads\/2020\/12\/IMG-20201203-WA0008-300x243.jpg 300w, https:\/\/setducoeur.ch\/wp-content\/uploads\/2020\/12\/IMG-20201203-WA0008-768x622.jpg 768w, https:\/\/setducoeur.ch\/wp-content\/uploads\/2020\/12\/IMG-20201203-WA0008-1536x1244.jpg 1536w, https:\/\/setducoeur.ch\/wp-content\/uploads\/2020\/12\/IMG-20201203-WA0008.jpg 2048w\" sizes=\"auto, (max-width: 1024px) 100vw, 1024px\" \/><\/figure>\n\n\n\n<figure class=\"wp-block-image size-large\"><img loading=\"lazy\" decoding=\"async\" width=\"768\" height=\"1024\" data-id=\"90\" src=\"http:\/\/setducoeur.ch\/wp-content\/uploads\/2022\/01\/20211220_121629-768x1024.jpg\" alt=\"\" class=\"wp-image-90\" srcset=\"https:\/\/setducoeur.ch\/wp-content\/uploads\/2022\/01\/20211220_121629-768x1024.jpg 768w, https:\/\/setducoeur.ch\/wp-content\/uploads\/2022\/01\/20211220_121629-225x300.jpg 225w, https:\/\/setducoeur.ch\/wp-content\/uploads\/2022\/01\/20211220_121629-1152x1536.jpg 1152w, https:\/\/setducoeur.ch\/wp-content\/uploads\/2022\/01\/20211220_121629-1536x2048.jpg 1536w, https:\/\/setducoeur.ch\/wp-content\/uploads\/2022\/01\/20211220_121629-scaled.jpg 1920w\" sizes=\"auto, (max-width: 768px) 100vw, 768px\" \/><\/figure>\n\n\n\n<figure class=\"wp-block-image size-large\"><img loading=\"lazy\" decoding=\"async\" width=\"941\" height=\"1024\" data-id=\"91\" src=\"http:\/\/setducoeur.ch\/wp-content\/uploads\/2022\/01\/IMG-20220101-WA0021.jpg\" alt=\"\" class=\"wp-image-91\" srcset=\"https:\/\/setducoeur.ch\/wp-content\/uploads\/2022\/01\/IMG-20220101-WA0021.jpg 941w, https:\/\/setducoeur.ch\/wp-content\/uploads\/2022\/01\/IMG-20220101-WA0021-276x300.jpg 276w, https:\/\/setducoeur.ch\/wp-content\/uploads\/2022\/01\/IMG-20220101-WA0021-768x836.jpg 768w\" sizes=\"auto, (max-width: 941px) 100vw, 941px\" \/><\/figure>\n\n\n\n<figure class=\"wp-block-image size-large\"><img loading=\"lazy\" decoding=\"async\" width=\"1024\" height=\"768\" data-id=\"93\" src=\"http:\/\/setducoeur.ch\/wp-content\/uploads\/2022\/01\/20211222_092955-1024x768.jpg\" alt=\"\" class=\"wp-image-93\" srcset=\"https:\/\/setducoeur.ch\/wp-content\/uploads\/2022\/01\/20211222_092955-1024x768.jpg 1024w, https:\/\/setducoeur.ch\/wp-content\/uploads\/2022\/01\/20211222_092955-300x225.jpg 300w, https:\/\/setducoeur.ch\/wp-content\/uploads\/2022\/01\/20211222_092955-768x576.jpg 768w, https:\/\/setducoeur.ch\/wp-content\/uploads\/2022\/01\/20211222_092955-1536x1152.jpg 1536w, https:\/\/setducoeur.ch\/wp-content\/uploads\/2022\/01\/20211222_092955-2048x1536.jpg 2048w\" sizes=\"auto, (max-width: 1024px) 100vw, 1024px\" \/><\/figure>\n\n\n\n<figure class=\"wp-block-image size-large\"><img loading=\"lazy\" decoding=\"async\" width=\"1024\" height=\"768\" data-id=\"46\" src=\"http:\/\/setducoeur.ch\/wp-content\/uploads\/2020\/12\/IMG-20201206-WA0024-1024x768.jpg\" alt=\"\" class=\"wp-image-46\" srcset=\"https:\/\/setducoeur.ch\/wp-content\/uploads\/2020\/12\/IMG-20201206-WA0024-1024x768.jpg 1024w, https:\/\/setducoeur.ch\/wp-content\/uploads\/2020\/12\/IMG-20201206-WA0024-300x225.jpg 300w, https:\/\/setducoeur.ch\/wp-content\/uploads\/2020\/12\/IMG-20201206-WA0024-768x576.jpg 768w, https:\/\/setducoeur.ch\/wp-content\/uploads\/2020\/12\/IMG-20201206-WA0024-1536x1152.jpg 1536w, https:\/\/setducoeur.ch\/wp-content\/uploads\/2020\/12\/IMG-20201206-WA0024.jpg 1600w\" sizes=\"auto, (max-width: 1024px) 100vw, 1024px\" \/><\/figure>\n\n\n\n<figure class=\"wp-block-image size-large\"><img loading=\"lazy\" decoding=\"async\" width=\"768\" height=\"1024\" data-id=\"44\" src=\"http:\/\/setducoeur.ch\/wp-content\/uploads\/2020\/12\/20201202_110248-768x1024.jpg\" alt=\"\" class=\"wp-image-44\" srcset=\"https:\/\/setducoeur.ch\/wp-content\/uploads\/2020\/12\/20201202_110248-768x1024.jpg 768w, https:\/\/setducoeur.ch\/wp-content\/uploads\/2020\/12\/20201202_110248-225x300.jpg 225w, https:\/\/setducoeur.ch\/wp-content\/uploads\/2020\/12\/20201202_110248-1152x1536.jpg 1152w, https:\/\/setducoeur.ch\/wp-content\/uploads\/2020\/12\/20201202_110248-1536x2048.jpg 1536w, https:\/\/setducoeur.ch\/wp-content\/uploads\/2020\/12\/20201202_110248-scaled.jpg 1920w\" sizes=\"auto, (max-width: 768px) 100vw, 768px\" \/><\/figure>\n\n\n\n<figure class=\"wp-block-image size-large\"><img loading=\"lazy\" decoding=\"async\" width=\"768\" height=\"1024\" data-id=\"43\" src=\"http:\/\/setducoeur.ch\/wp-content\/uploads\/2020\/12\/IMG-20201206-WA0029-768x1024.jpg\" alt=\"\" class=\"wp-image-43\" srcset=\"https:\/\/setducoeur.ch\/wp-content\/uploads\/2020\/12\/IMG-20201206-WA0029-768x1024.jpg 768w, https:\/\/setducoeur.ch\/wp-content\/uploads\/2020\/12\/IMG-20201206-WA0029-225x300.jpg 225w, https:\/\/setducoeur.ch\/wp-content\/uploads\/2020\/12\/IMG-20201206-WA0029-1152x1536.jpg 1152w, https:\/\/setducoeur.ch\/wp-content\/uploads\/2020\/12\/IMG-20201206-WA0029.jpg 1200w\" sizes=\"auto, (max-width: 768px) 100vw, 768px\" \/><\/figure>\n\n\n\n<figure class=\"wp-block-image size-large\"><img loading=\"lazy\" decoding=\"async\" width=\"1024\" height=\"768\" data-id=\"93\" src=\"http:\/\/setducoeur.ch\/wp-content\/uploads\/2022\/01\/20211222_092955-1024x768.jpg\" alt=\"\" class=\"wp-image-93\" srcset=\"https:\/\/setducoeur.ch\/wp-content\/uploads\/2022\/01\/20211222_092955-1024x768.jpg 1024w, https:\/\/setducoeur.ch\/wp-content\/uploads\/2022\/01\/20211222_092955-300x225.jpg 300w, https:\/\/setducoeur.ch\/wp-content\/uploads\/2022\/01\/20211222_092955-768x576.jpg 768w, https:\/\/setducoeur.ch\/wp-content\/uploads\/2022\/01\/20211222_092955-1536x1152.jpg 1536w, https:\/\/setducoeur.ch\/wp-content\/uploads\/2022\/01\/20211222_092955-2048x1536.jpg 2048w\" sizes=\"auto, (max-width: 1024px) 100vw, 1024px\" \/><\/figure>\n\n\n\n<figure class=\"wp-block-image size-large\"><img loading=\"lazy\" decoding=\"async\" width=\"844\" height=\"1024\" data-id=\"92\" src=\"http:\/\/setducoeur.ch\/wp-content\/uploads\/2022\/01\/IMG-20220101-WA0035-844x1024.jpg\" alt=\"\" class=\"wp-image-92\" srcset=\"https:\/\/setducoeur.ch\/wp-content\/uploads\/2022\/01\/IMG-20220101-WA0035-844x1024.jpg 844w, https:\/\/setducoeur.ch\/wp-content\/uploads\/2022\/01\/IMG-20220101-WA0035-247x300.jpg 247w, https:\/\/setducoeur.ch\/wp-content\/uploads\/2022\/01\/IMG-20220101-WA0035-768x932.jpg 768w, https:\/\/setducoeur.ch\/wp-content\/uploads\/2022\/01\/IMG-20220101-WA0035-1266x1536.jpg 1266w, https:\/\/setducoeur.ch\/wp-content\/uploads\/2022\/01\/IMG-20220101-WA0035.jpg 1688w\" sizes=\"auto, (max-width: 844px) 100vw, 844px\" \/><\/figure>\n<\/figure>\n\n\n<div class=\"wp-block-image\">\n<figure class=\"alignleft size-full is-resized\"><img loading=\"lazy\" decoding=\"async\" width=\"360\" height=\"552\" src=\"http:\/\/setducoeur.ch\/wp-content\/uploads\/2022\/09\/image000000-20.jpg\" alt=\"\" class=\"wp-image-215\" style=\"width:260px;height:399px\" srcset=\"https:\/\/setducoeur.ch\/wp-content\/uploads\/2022\/09\/image000000-20.jpg 360w, https:\/\/setducoeur.ch\/wp-content\/uploads\/2022\/09\/image000000-20-196x300.jpg 196w\" sizes=\"auto, (max-width: 360px) 100vw, 360px\" \/><figcaption class=\"wp-element-caption\"><strong>Boules de thon pr\u00e9par\u00e9es sous les yeux de Shiva (\u00e0 disposition si envie, contacter Emmanuel) <\/strong><\/figcaption><\/figure>\n<\/div>\n\n<div class=\"wp-block-image\">\n<figure class=\"alignright size-full is-resized\"><img loading=\"lazy\" decoding=\"async\" width=\"589\" height=\"444\" src=\"http:\/\/setducoeur.ch\/wp-content\/uploads\/2022\/09\/image000000-22.jpg\" alt=\"\" class=\"wp-image-218\" style=\"width:292px;height:220px\" srcset=\"https:\/\/setducoeur.ch\/wp-content\/uploads\/2022\/09\/image000000-22.jpg 589w, https:\/\/setducoeur.ch\/wp-content\/uploads\/2022\/09\/image000000-22-300x226.jpg 300w\" sizes=\"auto, (max-width: 589px) 100vw, 589px\" \/><\/figure>\n<\/div>\n\n<div class=\"wp-block-image\">\n<figure class=\"alignright size-full is-resized\"><img loading=\"lazy\" decoding=\"async\" width=\"532\" height=\"447\" src=\"http:\/\/setducoeur.ch\/wp-content\/uploads\/2022\/09\/image000000-21.jpg\" alt=\"\" class=\"wp-image-217\" style=\"width:292px;height:245px\" srcset=\"https:\/\/setducoeur.ch\/wp-content\/uploads\/2022\/09\/image000000-21.jpg 532w, https:\/\/setducoeur.ch\/wp-content\/uploads\/2022\/09\/image000000-21-300x252.jpg 300w\" sizes=\"auto, (max-width: 532px) 100vw, 532px\" \/><\/figure>\n<\/div>\n\n\n<figure class=\"wp-block-image size-full\"><img loading=\"lazy\" decoding=\"async\" width=\"640\" height=\"480\" src=\"http:\/\/setducoeur.ch\/wp-content\/uploads\/2022\/09\/PTZZ1346rectifiee.jpg\" alt=\"\" class=\"wp-image-220\" srcset=\"https:\/\/setducoeur.ch\/wp-content\/uploads\/2022\/09\/PTZZ1346rectifiee.jpg 640w, https:\/\/setducoeur.ch\/wp-content\/uploads\/2022\/09\/PTZZ1346rectifiee-300x225.jpg 300w\" sizes=\"auto, (max-width: 640px) 100vw, 640px\" \/><figcaption class=\"wp-element-caption\"><strong>Loto d\u00e9tente pendant les vacances de No\u00ebl <\/strong><\/figcaption><\/figure>\n\n\n<div class=\"wp-block-image\">\n<figure class=\"alignright size-full is-resized\"><img loading=\"lazy\" decoding=\"async\" width=\"577\" height=\"429\" src=\"http:\/\/setducoeur.ch\/wp-content\/uploads\/2022\/09\/image000000-.jpg\" alt=\"\" class=\"wp-image-221\" style=\"width:271px;height:201px\" srcset=\"https:\/\/setducoeur.ch\/wp-content\/uploads\/2022\/09\/image000000-.jpg 577w, https:\/\/setducoeur.ch\/wp-content\/uploads\/2022\/09\/image000000--300x223.jpg 300w\" sizes=\"auto, (max-width: 577px) 100vw, 577px\" \/><figcaption class=\"wp-element-caption\"><strong>Pr\u00e9paration du pesto avec ail des ours <\/strong><\/figcaption><\/figure>\n<\/div>\n\n<div class=\"wp-block-image\">\n<figure class=\"alignleft size-full is-resized\"><img loading=\"lazy\" decoding=\"async\" width=\"640\" height=\"480\" src=\"http:\/\/setducoeur.ch\/wp-content\/uploads\/2022\/09\/NWRS9065.jpg\" alt=\"\" class=\"wp-image-222\" style=\"width:278px;height:208px\" srcset=\"https:\/\/setducoeur.ch\/wp-content\/uploads\/2022\/09\/NWRS9065.jpg 640w, https:\/\/setducoeur.ch\/wp-content\/uploads\/2022\/09\/NWRS9065-300x225.jpg 300w\" sizes=\"auto, (max-width: 640px) 100vw, 640px\" \/><figcaption class=\"wp-element-caption\"><strong>Atelier pr\u00e9paration des courges <\/strong><\/figcaption><\/figure>\n<\/div>\n\n\n<figure class=\"wp-block-image size-full is-resized\"><img loading=\"lazy\" decoding=\"async\" width=\"640\" height=\"480\" src=\"http:\/\/setducoeur.ch\/wp-content\/uploads\/2022\/09\/image000000-12.jpg\" alt=\"\" class=\"wp-image-244\" style=\"width:632px;height:473px\" srcset=\"https:\/\/setducoeur.ch\/wp-content\/uploads\/2022\/09\/image000000-12.jpg 640w, https:\/\/setducoeur.ch\/wp-content\/uploads\/2022\/09\/image000000-12-300x225.jpg 300w\" sizes=\"auto, (max-width: 640px) 100vw, 640px\" \/><\/figure>\n","protected":false},"excerpt":{"rendered":"<p>Tous les vendredis, retrouvez nos produits sur le march\u00e9 de la Vieille Ville de Sion!<\/p>\n","protected":false},"author":1,"featured_media":0,"parent":0,"menu_order":5,"comment_status":"closed","ping_status":"closed","template":"","meta":{"footnotes":""},"class_list":["post-18","page","type-page","status-publish","hentry"],"_links":{"self":[{"href":"https:\/\/setducoeur.ch\/index.php?rest_route=\/wp\/v2\/pages\/18","targetHints":{"allow":["GET"]}}],"collection":[{"href":"https:\/\/setducoeur.ch\/index.php?rest_route=\/wp\/v2\/pages"}],"about":[{"href":"https:\/\/setducoeur.ch\/index.php?rest_route=\/wp\/v2\/types\/page"}],"author":[{"embeddable":true,"href":"https:\/\/setducoeur.ch\/index.php?rest_route=\/wp\/v2\/users\/1"}],"replies":[{"embeddable":true,"href":"https:\/\/setducoeur.ch\/index.php?rest_route=%2Fwp%2Fv2%2Fcomments&post=18"}],"version-history":[{"count":14,"href":"https:\/\/setducoeur.ch\/index.php?rest_route=\/wp\/v2\/pages\/18\/revisions"}],"predecessor-version":[{"id":379,"href":"https:\/\/setducoeur.ch\/index.php?rest_route=\/wp\/v2\/pages\/18\/revisions\/379"}],"wp:attachment":[{"href":"https:\/\/setducoeur.ch\/index.php?rest_route=%2Fwp%2Fv2%2Fmedia&parent=18"}],"curies":[{"name":"wp","href":"https:\/\/api.w.org\/{rel}","templated":true}]}}