{"id":16,"date":"2020-09-28T05:44:33","date_gmt":"2020-09-28T05:44:33","guid":{"rendered":"http:\/\/setducoeur.ch\/?page_id=16"},"modified":"2023-04-25T11:56:16","modified_gmt":"2023-04-25T11:56:16","slug":"https-setducoeur-ch-page_id16","status":"publish","type":"page","link":"https:\/\/setducoeur.ch\/?page_id=16","title":{"rendered":"Nous soutenir"},"content":{"rendered":"\n<p class=\"has-text-align-center\">Afin de poursuivre toutes nos activit\u00e9s, nous vous invitons \u00e0 nous soutenir:<\/p>\n\n\n\n<ol class=\"wp-block-list\" type=\"1\">\n<li>En vous faisant plaisir :<br><strong>En profitant de nos produits culinaires<\/strong>&nbsp;au March\u00e9 du Vendredi \u00e0 Sion, install\u00e9s derri\u00e8re le magasin Kookai.<\/li>\n\n\n\n<li><strong>En soutenant notre association&nbsp;<\/strong>avec un versement \u00e0 notre num\u00e9ro de compte CCP 12-213996-8<br>IBAN : CH57 0900 0000 1221 3996 8<\/li>\n\n\n\n<li><strong>Notre loto virtuel ou par poste<\/strong> : Twint (079\/ 734.01.15), BV (ou dans une enveloppe \u00e0 l\u2019adresse SET du C\u0153ur, Chemin du Calvaire 4 ?)\n<ul class=\"wp-block-list\">\n<li><strong>A jouer avant le tirage au sort (suivre notre page Facebook ou revenir ici pour voir les dates)<\/strong>; un \u00ab&nbsp;abonnement&nbsp;\u00bb 60.- ou 100.- les deux.&nbsp;<\/li>\n\n\n\n<li><strong>Tirage au sort<\/strong>: pour chaque 6 abonnements: 1er, un bon de 100.- pour un magasin d\u2019alimentation de Sion; 2e, un bon de 80.-, 3e, un bon de 40.- et un bon de 20.- pour le 4e\u2026&nbsp;<\/li>\n\n\n\n<li><strong>N\u2019oublions pas l\u2019objectif : Aider les SET du C\u0153ur \u00e0 aider<\/strong>&nbsp;\u263a MERCI\u263a<\/li>\n<\/ul>\n<\/li>\n<\/ol>\n\n\n<div class=\"wp-block-image\">\n<figure class=\"aligncenter size-large\"><img loading=\"lazy\" decoding=\"async\" width=\"1024\" height=\"768\" src=\"http:\/\/setducoeur.ch\/wp-content\/uploads\/2022\/09\/IMG-3809--1024x768.jpg\" alt=\"\" class=\"wp-image-225\" srcset=\"https:\/\/setducoeur.ch\/wp-content\/uploads\/2022\/09\/IMG-3809--1024x768.jpg 1024w, https:\/\/setducoeur.ch\/wp-content\/uploads\/2022\/09\/IMG-3809--300x225.jpg 300w, https:\/\/setducoeur.ch\/wp-content\/uploads\/2022\/09\/IMG-3809--768x576.jpg 768w, https:\/\/setducoeur.ch\/wp-content\/uploads\/2022\/09\/IMG-3809--1536x1152.jpg 1536w, https:\/\/setducoeur.ch\/wp-content\/uploads\/2022\/09\/IMG-3809--2048x1536.jpg 2048w\" sizes=\"auto, (max-width: 1024px) 100vw, 1024px\" \/><figcaption class=\"wp-element-caption\"><strong>Nos produits au march\u00e9 de la vieille ville de Sion <\/strong><\/figcaption><\/figure>\n<\/div>\n\n<div class=\"wp-block-image\">\n<figure class=\"alignright size-full is-resized\"><img loading=\"lazy\" decoding=\"async\" src=\"http:\/\/setducoeur.ch\/wp-content\/uploads\/2022\/09\/UMJZ2268.jpg\" alt=\"\" class=\"wp-image-227\" width=\"277\" height=\"207\" srcset=\"https:\/\/setducoeur.ch\/wp-content\/uploads\/2022\/09\/UMJZ2268.jpg 640w, https:\/\/setducoeur.ch\/wp-content\/uploads\/2022\/09\/UMJZ2268-300x225.jpg 300w\" sizes=\"auto, (max-width: 277px) 100vw, 277px\" \/><figcaption class=\"wp-element-caption\"><strong>Loto d\u00e9tente pendant les vacances de No\u00ebl<\/strong><\/figcaption><\/figure>\n<\/div>\n\n<div class=\"wp-block-image\">\n<figure class=\"alignleft size-full is-resized\"><img loading=\"lazy\" decoding=\"async\" src=\"http:\/\/setducoeur.ch\/wp-content\/uploads\/2022\/09\/YJRY1566-1.jpg\" alt=\"\" class=\"wp-image-226\" width=\"261\" height=\"196\" srcset=\"https:\/\/setducoeur.ch\/wp-content\/uploads\/2022\/09\/YJRY1566-1.jpg 640w, https:\/\/setducoeur.ch\/wp-content\/uploads\/2022\/09\/YJRY1566-1-300x225.jpg 300w\" sizes=\"auto, (max-width: 261px) 100vw, 261px\" \/><figcaption class=\"wp-element-caption\"><strong>P\u00e2ques <\/strong><\/figcaption><\/figure>\n<\/div>","protected":false},"excerpt":{"rendered":"<p>Afin de poursuivre toutes nos activit\u00e9s, nous vous invitons \u00e0 nous soutenir:<\/p>\n","protected":false},"author":1,"featured_media":0,"parent":0,"menu_order":6,"comment_status":"closed","ping_status":"closed","template":"","meta":{"footnotes":""},"class_list":["post-16","page","type-page","status-publish","hentry"],"_links":{"self":[{"href":"https:\/\/setducoeur.ch\/index.php?rest_route=\/wp\/v2\/pages\/16","targetHints":{"allow":["GET"]}}],"collection":[{"href":"https:\/\/setducoeur.ch\/index.php?rest_route=\/wp\/v2\/pages"}],"about":[{"href":"https:\/\/setducoeur.ch\/index.php?rest_route=\/wp\/v2\/types\/page"}],"author":[{"embeddable":true,"href":"https:\/\/setducoeur.ch\/index.php?rest_route=\/wp\/v2\/users\/1"}],"replies":[{"embeddable":true,"href":"https:\/\/setducoeur.ch\/index.php?rest_route=%2Fwp%2Fv2%2Fcomments&post=16"}],"version-history":[{"count":10,"href":"https:\/\/setducoeur.ch\/index.php?rest_route=\/wp\/v2\/pages\/16\/revisions"}],"predecessor-version":[{"id":315,"href":"https:\/\/setducoeur.ch\/index.php?rest_route=\/wp\/v2\/pages\/16\/revisions\/315"}],"wp:attachment":[{"href":"https:\/\/setducoeur.ch\/index.php?rest_route=%2Fwp%2Fv2%2Fmedia&parent=16"}],"curies":[{"name":"wp","href":"https:\/\/api.w.org\/{rel}","templated":true}]}}