{"id":100,"date":"2022-08-09T18:24:48","date_gmt":"2022-08-09T18:24:48","guid":{"rendered":"http:\/\/setducoeur.ch\/?page_id=100"},"modified":"2026-03-10T18:27:41","modified_gmt":"2026-03-10T18:27:41","slug":"https-setducoeur-ch-page_id100","status":"publish","type":"page","link":"https:\/\/setducoeur.ch\/","title":{"rendered":"Bienvenue!        13 ans !   Merci !!!"},"content":{"rendered":"\n<p class=\"has-text-align-center has-small-font-size\"><strong>S comme Services<\/strong>&nbsp;: Aides aux d\u00e9m\u00e9nagements, jardins, march\u00e9 \u00e0 la Vieille Ville de Sion&#8230;<strong>E comme Ev\u00e8nements&nbsp;<\/strong>: Soutien \u00e0 tout \u00e9v\u00e8nement dans la r\u00e9gion (montage, d\u00e9montage, entretien, cuisine\u2026). <strong>T comme Traditions&nbsp;<\/strong>: Proposer (ou soutenir par nos engagements), \u00e0 la population s\u00e9dunoise, des actions mettant en valeur de fa\u00e7on agr\u00e9able les traditions religieuses ou culturelles<\/p>\n\n\n\n<p><strong>2026   Apr\u00e8s un d\u00e9part sur les chapeaux de roue (R\u00e9veillon autour du  Monde, Loto d\u00e9tente et vrai loto, derniers concerts o\u00f9 nous assurons le montage et d\u00e9montage des podiums et vin chaud \u00e0 la sortie) nous revenons \u00e0 nos services habituels (aide aux d\u00e9m\u00e9nagements, d\u00e9barrassages, nettoyages \u2026) <\/strong><\/p>\n\n\n\n<p><strong>A plusieurs reprises nous devons faire preuve de beaucoup d&rsquo;amour pour avoir le courage d&rsquo;intervenir chez des personnes atteintes du syndrome de Diog\u00e8ne (par respect, j&rsquo;\u00e9vite de mettre des photos sur notre site)<\/strong>&#8230;  <\/p>\n\n\n\n<figure class=\"wp-block-image size-full is-resized\"><img loading=\"lazy\" decoding=\"async\" width=\"682\" height=\"536\" src=\"https:\/\/setducoeur.ch\/wp-content\/uploads\/2026\/02\/image.png\" alt=\"\" class=\"wp-image-403\" style=\"width:468px;height:auto\" srcset=\"https:\/\/setducoeur.ch\/wp-content\/uploads\/2026\/02\/image.png 682w, https:\/\/setducoeur.ch\/wp-content\/uploads\/2026\/02\/image-300x236.png 300w\" sizes=\"auto, (max-width: 682px) 100vw, 682px\" \/><\/figure>\n\n\n\n<p>Apr\u00e8s les vins chauds \u00e0 la sortie des concerts; le  vin chaud apr\u00e8s la messe de Minuit mandat\u00e9 par la commune; un vin chaud avec himbasha a \u00e9t\u00e9 offert par notre association apr\u00e8s la c\u00e9l\u00e9bration \u0153cum\u00e9nique du 1er f\u00e9vrier, un mois apr\u00e8s la trag\u00e9die de Crans.<\/p>\n\n\n\n<p><strong>Et nous nous pr\u00e9parons au prochain Germe de P\u00e2ques sur la Place de la Planta (1er &#8211; 6 avril)<\/strong> <\/p>\n\n\n\n<p>Prochaines manifestations o\u00f9 nous donnons des coups de mains: Carnaval; Festival Art de Rue&#8230;<\/p>\n\n\n\n<h1 class=\"wp-block-heading\">Les SET du C\u0153ur, Sion<\/h1>\n\n\n\n<p class=\"has-text-align-center\">Les SET du C\u0153ur, Sion \u0153uvrent principalement avec des personnes en difficult\u00e9s de la r\u00e9gion s\u00e9dunoise.<\/p>\n\n\n\n<p class=\"has-text-align-center\">\u00ab\u00a0Si manger et dormir sont consid\u00e9r\u00e9s comme besoins vitaux, nous sommes persuad\u00e9s qu\u2019une occupation rend l\u2019Homme debout\u00a0\u00bb<\/p>\n\n\n\n<p class=\"has-text-align-center\">C\u2019est pourquoi nous nous engageons \u2013 avec l\u2019aide d\u2019autres organismes \u2013 <\/p>\n\n\n\n<p class=\"has-text-align-center\">\u00e0 poursuivre et d\u00e9velopper nos activit\u00e9s<\/p>\n\n\n\n<p class=\"has-text-align-center\"><strong>Venez nous rejoindre ! <\/strong><\/p>\n\n\n\n<p class=\"has-text-align-center\"><\/p>\n\n\n\n<p>Au march\u00e9 de la Vielle Ville de Sion ?  ou bien comme membre de l&rsquo;association ? ou &#8230; ?<\/p>\n\n\n\n<h6 class=\"wp-block-heading has-text-align-center\"><strong>(au coin de la boutique Kooka\u00ef)<\/strong><\/h6>\n\n\n\n<figure class=\"wp-block-gallery has-nested-images columns-default is-cropped wp-block-gallery-1 is-layout-flex wp-block-gallery-is-layout-flex\">\n<figure class=\"wp-block-image size-large\"><img loading=\"lazy\" decoding=\"async\" width=\"1024\" height=\"576\" data-id=\"280\" src=\"http:\/\/setducoeur.ch\/wp-content\/uploads\/2023\/04\/004e0177-2972-46a4-b88b-ad84c8971e67-1024x576.jpg\" alt=\"\" class=\"wp-image-280\" srcset=\"https:\/\/setducoeur.ch\/wp-content\/uploads\/2023\/04\/004e0177-2972-46a4-b88b-ad84c8971e67-1024x576.jpg 1024w, https:\/\/setducoeur.ch\/wp-content\/uploads\/2023\/04\/004e0177-2972-46a4-b88b-ad84c8971e67-300x169.jpg 300w, https:\/\/setducoeur.ch\/wp-content\/uploads\/2023\/04\/004e0177-2972-46a4-b88b-ad84c8971e67-768x432.jpg 768w, https:\/\/setducoeur.ch\/wp-content\/uploads\/2023\/04\/004e0177-2972-46a4-b88b-ad84c8971e67-1536x864.jpg 1536w, https:\/\/setducoeur.ch\/wp-content\/uploads\/2023\/04\/004e0177-2972-46a4-b88b-ad84c8971e67.jpg 1599w\" sizes=\"auto, (max-width: 1024px) 100vw, 1024px\" \/><\/figure>\n<\/figure>\n\n\n\n<figure class=\"wp-block-gallery has-nested-images columns-default is-cropped wp-block-gallery-2 is-layout-flex wp-block-gallery-is-layout-flex\">\n<figure class=\"wp-block-image size-large\"><img loading=\"lazy\" decoding=\"async\" width=\"669\" height=\"1024\" data-id=\"321\" src=\"http:\/\/setducoeur.ch\/wp-content\/uploads\/2023\/04\/IMG-5436-1-669x1024.jpg\" alt=\"\" class=\"wp-image-321\" srcset=\"https:\/\/setducoeur.ch\/wp-content\/uploads\/2023\/04\/IMG-5436-1-669x1024.jpg 669w, https:\/\/setducoeur.ch\/wp-content\/uploads\/2023\/04\/IMG-5436-1-196x300.jpg 196w, https:\/\/setducoeur.ch\/wp-content\/uploads\/2023\/04\/IMG-5436-1-768x1175.jpg 768w, https:\/\/setducoeur.ch\/wp-content\/uploads\/2023\/04\/IMG-5436-1-1004x1536.jpg 1004w, https:\/\/setducoeur.ch\/wp-content\/uploads\/2023\/04\/IMG-5436-1-1338x2048.jpg 1338w, https:\/\/setducoeur.ch\/wp-content\/uploads\/2023\/04\/IMG-5436-1-scaled.jpg 1673w\" sizes=\"auto, (max-width: 669px) 100vw, 669px\" \/><\/figure>\n\n\n\n<figure class=\"wp-block-image size-large\"><img loading=\"lazy\" decoding=\"async\" width=\"768\" height=\"1024\" data-id=\"319\" src=\"http:\/\/setducoeur.ch\/wp-content\/uploads\/2023\/04\/IMG-5437-1-768x1024.jpg\" alt=\"\" class=\"wp-image-319\" srcset=\"https:\/\/setducoeur.ch\/wp-content\/uploads\/2023\/04\/IMG-5437-1-768x1024.jpg 768w, https:\/\/setducoeur.ch\/wp-content\/uploads\/2023\/04\/IMG-5437-1-225x300.jpg 225w, https:\/\/setducoeur.ch\/wp-content\/uploads\/2023\/04\/IMG-5437-1-1152x1536.jpg 1152w, https:\/\/setducoeur.ch\/wp-content\/uploads\/2023\/04\/IMG-5437-1-1536x2048.jpg 1536w, https:\/\/setducoeur.ch\/wp-content\/uploads\/2023\/04\/IMG-5437-1-scaled.jpg 1920w\" sizes=\"auto, (max-width: 768px) 100vw, 768px\" \/><\/figure>\n\n\n\n<figure class=\"wp-block-image size-large\"><img loading=\"lazy\" decoding=\"async\" width=\"779\" height=\"1024\" data-id=\"318\" src=\"http:\/\/setducoeur.ch\/wp-content\/uploads\/2023\/04\/IMG-5474-779x1024.jpg\" alt=\"\" class=\"wp-image-318\" srcset=\"https:\/\/setducoeur.ch\/wp-content\/uploads\/2023\/04\/IMG-5474-779x1024.jpg 779w, https:\/\/setducoeur.ch\/wp-content\/uploads\/2023\/04\/IMG-5474-228x300.jpg 228w, https:\/\/setducoeur.ch\/wp-content\/uploads\/2023\/04\/IMG-5474-768x1010.jpg 768w, https:\/\/setducoeur.ch\/wp-content\/uploads\/2023\/04\/IMG-5474-1168x1536.jpg 1168w, https:\/\/setducoeur.ch\/wp-content\/uploads\/2023\/04\/IMG-5474-1557x2048.jpg 1557w, https:\/\/setducoeur.ch\/wp-content\/uploads\/2023\/04\/IMG-5474-scaled.jpg 1947w\" sizes=\"auto, (max-width: 779px) 100vw, 779px\" \/><\/figure>\n<\/figure>\n\n\n\n<p class=\"has-text-align-center\"><strong>Venez nous retrouver tous les vendredis au march\u00e9 de la Vieille Ville de Sion!<\/strong><\/p>\n\n\n<div class=\"wp-block-image\">\n<figure class=\"aligncenter size-large is-resized\"><img loading=\"lazy\" decoding=\"async\" width=\"768\" height=\"1024\" src=\"http:\/\/setducoeur.ch\/wp-content\/uploads\/2023\/04\/IMG-5404-768x1024.jpg\" alt=\"\" class=\"wp-image-281\" style=\"width:263px;height:auto\" srcset=\"https:\/\/setducoeur.ch\/wp-content\/uploads\/2023\/04\/IMG-5404-768x1024.jpg 768w, https:\/\/setducoeur.ch\/wp-content\/uploads\/2023\/04\/IMG-5404-225x300.jpg 225w, https:\/\/setducoeur.ch\/wp-content\/uploads\/2023\/04\/IMG-5404-1152x1536.jpg 1152w, https:\/\/setducoeur.ch\/wp-content\/uploads\/2023\/04\/IMG-5404-1536x2048.jpg 1536w, https:\/\/setducoeur.ch\/wp-content\/uploads\/2023\/04\/IMG-5404-scaled.jpg 1920w\" sizes=\"auto, (max-width: 768px) 100vw, 768px\" \/><figcaption class=\"wp-element-caption\">Triage des p\u00e9tales de pissenlits pour la miell\u00e9e.<\/figcaption><\/figure>\n<\/div>\n\n\n<p class=\"has-text-align-center has-large-font-size\"><strong>Notre avenir et nos principaux engagements&nbsp;:<\/strong><\/p>\n\n\n\n<p class=\"has-text-align-center\">Ateliers en plein air si le temps le permet, pr\u00e9sence au March\u00e9 de la Vieille Ville, Carnaval, muguets, Germe de P\u00e2ques\u2026<\/p>\n\n\n\n<p class=\"has-text-align-center\">Plusieurs d\u00e9m\u00e9nagements pour des priv\u00e9s mais surtout pour des curatelles, Emera ou Croix-Rouge. Beaucoup de services \u00ab&nbsp;officiels&nbsp;\u00bb ont appris \u00e0 nous faire confiance.<\/p>\n\n\n\n<p class=\"has-text-align-center\"><\/p>\n","protected":false},"excerpt":{"rendered":"<p>S comme Services&nbsp;: Aides aux d\u00e9m\u00e9nagements, jardins, march\u00e9 \u00e0 la Vieille Ville de Sion&#8230;E comme Ev\u00e8nements&nbsp;: Soutien \u00e0 tout \u00e9v\u00e8nement dans la r\u00e9gion (montage, d\u00e9montage, entretien, cuisine\u2026). T comme Traditions&nbsp;: Proposer (ou soutenir par nos engagements), \u00e0 la population s\u00e9dunoise, des actions mettant en valeur de fa\u00e7on agr\u00e9able les traditions religieuses ou culturelles 2026 Apr\u00e8s &hellip; <a href=\"https:\/\/setducoeur.ch\/\" class=\"more-link\">Continuer la lecture de <span class=\"screen-reader-text\">Bienvenue!        13 ans !   Merci !!!<\/span> <span class=\"meta-nav\">&rarr;<\/span><\/a><\/p>\n","protected":false},"author":1,"featured_media":0,"parent":0,"menu_order":1,"comment_status":"closed","ping_status":"closed","template":"","meta":{"footnotes":""},"class_list":["post-100","page","type-page","status-publish","hentry"],"_links":{"self":[{"href":"https:\/\/setducoeur.ch\/index.php?rest_route=\/wp\/v2\/pages\/100","targetHints":{"allow":["GET"]}}],"collection":[{"href":"https:\/\/setducoeur.ch\/index.php?rest_route=\/wp\/v2\/pages"}],"about":[{"href":"https:\/\/setducoeur.ch\/index.php?rest_route=\/wp\/v2\/types\/page"}],"author":[{"embeddable":true,"href":"https:\/\/setducoeur.ch\/index.php?rest_route=\/wp\/v2\/users\/1"}],"replies":[{"embeddable":true,"href":"https:\/\/setducoeur.ch\/index.php?rest_route=%2Fwp%2Fv2%2Fcomments&post=100"}],"version-history":[{"count":51,"href":"https:\/\/setducoeur.ch\/index.php?rest_route=\/wp\/v2\/pages\/100\/revisions"}],"predecessor-version":[{"id":406,"href":"https:\/\/setducoeur.ch\/index.php?rest_route=\/wp\/v2\/pages\/100\/revisions\/406"}],"wp:attachment":[{"href":"https:\/\/setducoeur.ch\/index.php?rest_route=%2Fwp%2Fv2%2Fmedia&parent=100"}],"curies":[{"name":"wp","href":"https:\/\/api.w.org\/{rel}","templated":true}]}}