{"id":10,"date":"2020-09-28T05:44:01","date_gmt":"2020-09-28T05:44:01","guid":{"rendered":"http:\/\/setducoeur.ch\/?page_id=10"},"modified":"2023-04-25T11:48:06","modified_gmt":"2023-04-25T11:48:06","slug":"https-setducoeur-ch-page_id10","status":"publish","type":"page","link":"https:\/\/setducoeur.ch\/?page_id=10","title":{"rendered":"Traditions"},"content":{"rendered":"\n<p><strong>T comme Tradition<\/strong>&nbsp;: Proposer (ou soutenir par nos engagements) \u00e0 la population s\u00e9dunoise des actions mettant en valeur de fa\u00e7on agr\u00e9able .<\/p>\n\n\n\n<p class=\"has-text-align-center\"><strong>Traditions religieuses ou culturelles<\/strong>&nbsp;:<\/p>\n\n\n\n<p class=\"has-text-align-center\"><strong>No\u00ebl&nbsp;<\/strong><\/p>\n\n\n\n<p class=\"has-text-align-center\"><strong>ST-Nicolas <\/strong><\/p>\n\n\n\n<p class=\"has-text-align-center\"><strong>Mages <\/strong><\/p>\n\n\n\n<p class=\"has-text-align-center\"><strong>Nouvel an<\/strong><\/p>\n\n\n\n<p class=\"has-text-align-center\"><strong>R\u00e9veillon autour du monde<\/strong><\/p>\n\n\n\n<p class=\"has-text-align-center\"><strong>Chandeleur &#8211; Vive les cr\u00eapes!<\/strong><\/p>\n\n\n\n<p class=\"has-text-align-center\"><strong>Car\u00eame<\/strong>&nbsp;&#8211; <strong>P\u00e2ques<em>&nbsp;<\/em><\/strong><\/p>\n\n\n\n<p class=\"has-text-align-center\"><strong>Germes de P\u00e2ques <\/strong><\/p>\n\n\n\n<figure class=\"wp-block-image size-large\"><img loading=\"lazy\" decoding=\"async\" width=\"768\" height=\"1024\" src=\"http:\/\/setducoeur.ch\/wp-content\/uploads\/2023\/04\/7f2cee32-be44-428d-b287-d5a107e83afb-2-768x1024.jpg\" alt=\"\" class=\"wp-image-296\" srcset=\"https:\/\/setducoeur.ch\/wp-content\/uploads\/2023\/04\/7f2cee32-be44-428d-b287-d5a107e83afb-2-768x1024.jpg 768w, https:\/\/setducoeur.ch\/wp-content\/uploads\/2023\/04\/7f2cee32-be44-428d-b287-d5a107e83afb-2-225x300.jpg 225w, https:\/\/setducoeur.ch\/wp-content\/uploads\/2023\/04\/7f2cee32-be44-428d-b287-d5a107e83afb-2-1152x1536.jpg 1152w, https:\/\/setducoeur.ch\/wp-content\/uploads\/2023\/04\/7f2cee32-be44-428d-b287-d5a107e83afb-2.jpg 1536w\" sizes=\"auto, (max-width: 768px) 100vw, 768px\" \/><\/figure>\n\n\n\n<p class=\"has-text-align-center\"><strong>2023<\/strong><\/p>\n\n\n\n<p><\/p>\n\n\n<div class=\"wp-block-image\">\n<figure class=\"aligncenter size-full is-resized\"><img loading=\"lazy\" decoding=\"async\" src=\"http:\/\/setducoeur.ch\/wp-content\/uploads\/2022\/09\/image000000.jpg\" alt=\"\" class=\"wp-image-196\" width=\"272\" height=\"184\" srcset=\"https:\/\/setducoeur.ch\/wp-content\/uploads\/2022\/09\/image000000.jpg 632w, https:\/\/setducoeur.ch\/wp-content\/uploads\/2022\/09\/image000000-300x203.jpg 300w\" sizes=\"auto, (max-width: 272px) 100vw, 272px\" \/><figcaption class=\"wp-element-caption\"><strong>Repas de Noel par les communaut\u00e9s \u00e9trang\u00e8res (Coll\u00e8ge les creusets &#8211; Sion) <\/strong><\/figcaption><\/figure>\n<\/div>\n\n<div class=\"wp-block-image\">\n<figure class=\"alignleft size-full is-resized\"><img loading=\"lazy\" decoding=\"async\" src=\"http:\/\/setducoeur.ch\/wp-content\/uploads\/2022\/09\/image000000-8-rectifie.jpg\" alt=\"\" class=\"wp-image-199\" width=\"288\" height=\"199\" srcset=\"https:\/\/setducoeur.ch\/wp-content\/uploads\/2022\/09\/image000000-8-rectifie.jpg 555w, https:\/\/setducoeur.ch\/wp-content\/uploads\/2022\/09\/image000000-8-rectifie-300x207.jpg 300w\" sizes=\"auto, (max-width: 288px) 100vw, 288px\" \/><figcaption class=\"wp-element-caption\"><strong>Stand de cr\u00eapes<\/strong><\/figcaption><\/figure>\n<\/div>\n\n<div class=\"wp-block-image\">\n<figure class=\"alignright size-full is-resized\"><img loading=\"lazy\" decoding=\"async\" src=\"http:\/\/setducoeur.ch\/wp-content\/uploads\/2022\/09\/image000000-10.jpg\" alt=\"\" class=\"wp-image-200\" width=\"241\" height=\"290\" srcset=\"https:\/\/setducoeur.ch\/wp-content\/uploads\/2022\/09\/image000000-10.jpg 477w, https:\/\/setducoeur.ch\/wp-content\/uploads\/2022\/09\/image000000-10-249x300.jpg 249w\" sizes=\"auto, (max-width: 241px) 100vw, 241px\" \/><\/figure>\n<\/div>\n\n<div class=\"wp-block-image\">\n<figure class=\"alignleft size-full is-resized\"><img loading=\"lazy\" decoding=\"async\" src=\"http:\/\/setducoeur.ch\/wp-content\/uploads\/2022\/09\/image000000-11.jpg\" alt=\"\" class=\"wp-image-201\" width=\"246\" height=\"301\" srcset=\"https:\/\/setducoeur.ch\/wp-content\/uploads\/2022\/09\/image000000-11.jpg 480w, https:\/\/setducoeur.ch\/wp-content\/uploads\/2022\/09\/image000000-11-245x300.jpg 245w\" sizes=\"auto, (max-width: 246px) 100vw, 246px\" \/><\/figure>\n<\/div>\n\n<div class=\"wp-block-image\">\n<figure class=\"alignright size-full is-resized\"><img loading=\"lazy\" decoding=\"async\" src=\"http:\/\/setducoeur.ch\/wp-content\/uploads\/2022\/09\/image000000-6.jpg\" alt=\"\" class=\"wp-image-202\" width=\"295\" height=\"243\" srcset=\"https:\/\/setducoeur.ch\/wp-content\/uploads\/2022\/09\/image000000-6.jpg 582w, https:\/\/setducoeur.ch\/wp-content\/uploads\/2022\/09\/image000000-6-300x247.jpg 300w\" sizes=\"auto, (max-width: 295px) 100vw, 295px\" \/><figcaption class=\"wp-element-caption\"><strong>Ramassage de fleurs de sureau pour pr\u00e9parer la miell\u00e9e (appel\u00e9e miel du pauvre) <\/strong><\/figcaption><\/figure>\n<\/div>\n\n<div class=\"wp-block-image\">\n<figure class=\"alignleft size-large is-resized\"><img loading=\"lazy\" decoding=\"async\" src=\"http:\/\/setducoeur.ch\/wp-content\/uploads\/2022\/09\/IMG_E3810-768x1024.jpg\" alt=\"\" class=\"wp-image-204\" width=\"288\" height=\"385\" srcset=\"https:\/\/setducoeur.ch\/wp-content\/uploads\/2022\/09\/IMG_E3810-768x1024.jpg 768w, https:\/\/setducoeur.ch\/wp-content\/uploads\/2022\/09\/IMG_E3810-225x300.jpg 225w, https:\/\/setducoeur.ch\/wp-content\/uploads\/2022\/09\/IMG_E3810-1152x1536.jpg 1152w, https:\/\/setducoeur.ch\/wp-content\/uploads\/2022\/09\/IMG_E3810-1536x2048.jpg 1536w, https:\/\/setducoeur.ch\/wp-content\/uploads\/2022\/09\/IMG_E3810-scaled.jpg 1920w\" sizes=\"auto, (max-width: 288px) 100vw, 288px\" \/><figcaption class=\"wp-element-caption\"><strong>Produits vendus au march\u00e9 de la vieille ville de Sion chaque vendredi <\/strong><\/figcaption><\/figure>\n<\/div>\n\n<div class=\"wp-block-image\">\n<figure class=\"alignright size-full is-resized\"><img loading=\"lazy\" decoding=\"async\" src=\"http:\/\/setducoeur.ch\/wp-content\/uploads\/2022\/09\/image000000-7.jpg\" alt=\"\" class=\"wp-image-203\" width=\"261\" height=\"348\" srcset=\"https:\/\/setducoeur.ch\/wp-content\/uploads\/2022\/09\/image000000-7.jpg 480w, https:\/\/setducoeur.ch\/wp-content\/uploads\/2022\/09\/image000000-7-225x300.jpg 225w\" sizes=\"auto, (max-width: 261px) 100vw, 261px\" \/><figcaption class=\"wp-element-caption\"><strong>Petites mains au service de tout public (m\u00eame de la politique)<\/strong> <\/figcaption><\/figure>\n<\/div>\n\n<div class=\"wp-block-image\">\n<figure class=\"aligncenter size-full is-resized\"><img loading=\"lazy\" decoding=\"async\" src=\"http:\/\/setducoeur.ch\/wp-content\/uploads\/2022\/09\/image000000-14.jpg\" alt=\"\" class=\"wp-image-205\" width=\"635\" height=\"476\" srcset=\"https:\/\/setducoeur.ch\/wp-content\/uploads\/2022\/09\/image000000-14.jpg 640w, https:\/\/setducoeur.ch\/wp-content\/uploads\/2022\/09\/image000000-14-300x225.jpg 300w\" sizes=\"auto, (max-width: 635px) 100vw, 635px\" \/><figcaption class=\"wp-element-caption\"><strong>P\u00e2ques : Avec Mathieu Bonvin, notre barde!<\/strong><\/figcaption><\/figure>\n<\/div>\n\n<div class=\"wp-block-image\">\n<figure class=\"aligncenter size-full is-resized\"><img loading=\"lazy\" decoding=\"async\" src=\"http:\/\/setducoeur.ch\/wp-content\/uploads\/2022\/09\/image000000-17.jpg\" alt=\"\" class=\"wp-image-208\" width=\"285\" height=\"507\" srcset=\"https:\/\/setducoeur.ch\/wp-content\/uploads\/2022\/09\/image000000-17.jpg 360w, https:\/\/setducoeur.ch\/wp-content\/uploads\/2022\/09\/image000000-17-169x300.jpg 169w\" sizes=\"auto, (max-width: 285px) 100vw, 285px\" \/><\/figure>\n<\/div>\n\n<div class=\"wp-block-image\">\n<figure class=\"aligncenter size-full is-resized\"><img loading=\"lazy\" decoding=\"async\" src=\"http:\/\/setducoeur.ch\/wp-content\/uploads\/2022\/09\/image000000-15.jpg\" alt=\"\" class=\"wp-image-206\" width=\"633\" height=\"589\" srcset=\"https:\/\/setducoeur.ch\/wp-content\/uploads\/2022\/09\/image000000-15.jpg 470w, https:\/\/setducoeur.ch\/wp-content\/uploads\/2022\/09\/image000000-15-300x278.jpg 300w\" sizes=\"auto, (max-width: 633px) 100vw, 633px\" \/><figcaption class=\"wp-element-caption\"><strong>P\u00e2ques <\/strong><\/figcaption><\/figure>\n<\/div>\n\n<div class=\"wp-block-image\">\n<figure class=\"aligncenter size-full is-resized\"><img loading=\"lazy\" decoding=\"async\" src=\"http:\/\/setducoeur.ch\/wp-content\/uploads\/2022\/09\/YJRY1566.jpg\" alt=\"\" class=\"wp-image-209\" width=\"632\" height=\"475\" srcset=\"https:\/\/setducoeur.ch\/wp-content\/uploads\/2022\/09\/YJRY1566.jpg 640w, https:\/\/setducoeur.ch\/wp-content\/uploads\/2022\/09\/YJRY1566-300x225.jpg 300w\" sizes=\"auto, (max-width: 632px) 100vw, 632px\" \/><figcaption class=\"wp-element-caption\">P\u00e2ques <\/figcaption><\/figure>\n<\/div>\n\n<div class=\"wp-block-image\">\n<figure class=\"aligncenter size-full is-resized\"><img loading=\"lazy\" decoding=\"async\" src=\"http:\/\/setducoeur.ch\/wp-content\/uploads\/2022\/09\/Muguet-libre-de-droits.jpg\" alt=\"\" class=\"wp-image-211\" width=\"230\" height=\"307\"\/><figcaption class=\"wp-element-caption\"><strong>Ramassage du muguet <\/strong><\/figcaption><\/figure>\n<\/div>\n\n\n<p><\/p>\n","protected":false},"excerpt":{"rendered":"<p>T comme Tradition&nbsp;: Proposer (ou soutenir par nos engagements) \u00e0 la population s\u00e9dunoise des actions mettant en valeur de fa\u00e7on agr\u00e9able . Traditions religieuses ou culturelles&nbsp;: No\u00ebl&nbsp; ST-Nicolas Mages Nouvel an R\u00e9veillon autour du monde Chandeleur &#8211; Vive les cr\u00eapes! Car\u00eame&nbsp;&#8211; P\u00e2ques&nbsp; Germes de P\u00e2ques 2023<\/p>\n","protected":false},"author":1,"featured_media":0,"parent":0,"menu_order":4,"comment_status":"closed","ping_status":"closed","template":"","meta":{"footnotes":""},"class_list":["post-10","page","type-page","status-publish","hentry"],"_links":{"self":[{"href":"https:\/\/setducoeur.ch\/index.php?rest_route=\/wp\/v2\/pages\/10","targetHints":{"allow":["GET"]}}],"collection":[{"href":"https:\/\/setducoeur.ch\/index.php?rest_route=\/wp\/v2\/pages"}],"about":[{"href":"https:\/\/setducoeur.ch\/index.php?rest_route=\/wp\/v2\/types\/page"}],"author":[{"embeddable":true,"href":"https:\/\/setducoeur.ch\/index.php?rest_route=\/wp\/v2\/users\/1"}],"replies":[{"embeddable":true,"href":"https:\/\/setducoeur.ch\/index.php?rest_route=%2Fwp%2Fv2%2Fcomments&post=10"}],"version-history":[{"count":21,"href":"https:\/\/setducoeur.ch\/index.php?rest_route=\/wp\/v2\/pages\/10\/revisions"}],"predecessor-version":[{"id":299,"href":"https:\/\/setducoeur.ch\/index.php?rest_route=\/wp\/v2\/pages\/10\/revisions\/299"}],"wp:attachment":[{"href":"https:\/\/setducoeur.ch\/index.php?rest_route=%2Fwp%2Fv2%2Fmedia&parent=10"}],"curies":[{"name":"wp","href":"https:\/\/api.w.org\/{rel}","templated":true}]}}